{"id":334,"date":"2026-04-06T10:21:56","date_gmt":"2026-04-06T10:21:56","guid":{"rendered":"https:\/\/solicitudes.fibao.es\/?page_id=334"},"modified":"2026-04-06T10:21:57","modified_gmt":"2026-04-06T10:21:57","slug":"sesion-formativa-patentibilidad-de-las-invenciones-biotecnologicas","status":"publish","type":"page","link":"https:\/\/solicitudes.fibao.es\/?page_id=334","title":{"rendered":"Sesi\u00f3n Formativa: \u00abPatentibilidad de las invenciones biotecnol\u00f3gicas\u00bb"},"content":{"rendered":"\n<div class=\"wpcf7 no-js\" id=\"wpcf7-f333-o1\" lang=\"es-ES\" dir=\"ltr\" data-wpcf7-id=\"333\">\n<div class=\"screen-reader-response\"><p role=\"status\" aria-live=\"polite\" aria-atomic=\"true\"><\/p> <ul><\/ul><\/div>\n<form action=\"\/index.php?rest_route=%2Fwp%2Fv2%2Fpages%2F334#wpcf7-f333-o1\" method=\"post\" class=\"wpcf7-form init\" aria-label=\"Formulario de contacto\" novalidate=\"novalidate\" data-status=\"init\">\n<fieldset class=\"hidden-fields-container\"><input type=\"hidden\" name=\"_wpcf7\" value=\"333\" \/><input type=\"hidden\" name=\"_wpcf7_version\" value=\"6.1.4\" \/><input type=\"hidden\" name=\"_wpcf7_locale\" value=\"es_ES\" \/><input type=\"hidden\" name=\"_wpcf7_unit_tag\" value=\"wpcf7-f333-o1\" \/><input type=\"hidden\" name=\"_wpcf7_container_post\" value=\"0\" \/><input type=\"hidden\" name=\"_wpcf7_posted_data_hash\" value=\"\" \/><input type=\"hidden\" name=\"_wpcf7cf_hidden_group_fields\" value=\"[]\" \/><input type=\"hidden\" name=\"_wpcf7cf_hidden_groups\" value=\"[]\" \/><input type=\"hidden\" name=\"_wpcf7cf_visible_groups\" value=\"[]\" \/><input type=\"hidden\" name=\"_wpcf7cf_repeaters\" value=\"[]\" \/><input type=\"hidden\" name=\"_wpcf7cf_steps\" value=\"{}\" \/><input type=\"hidden\" name=\"_wpcf7cf_options\" value=\"{&quot;form_id&quot;:333,&quot;conditions&quot;:[{&quot;then_field&quot;:&quot;-1&quot;,&quot;and_rules&quot;:[{&quot;if_field&quot;:&quot;-1&quot;,&quot;operator&quot;:&quot;not empty&quot;,&quot;if_value&quot;:&quot;No&quot;},{&quot;if_field&quot;:&quot;-1&quot;,&quot;operator&quot;:&quot;not equals&quot;,&quot;if_value&quot;:&quot;No&quot;}]}],&quot;settings&quot;:{&quot;animation&quot;:&quot;yes&quot;,&quot;animation_intime&quot;:200,&quot;animation_outtime&quot;:200,&quot;conditions_ui&quot;:&quot;normal&quot;,&quot;notice_dismissed&quot;:false}}\" \/>\n<\/fieldset>\n<style>\n\n\/* 1. CONTENEDOR PRINCIPAL *\/\n.wpcf7-form {\n max-width: 600px;\n margin: 0 auto;\n font-family: 'Arial', sans-serif;\n font-size: 16px;\n color: #3f1840; \n line-height: 1.5;\n background-color: #f5f0f7; \n padding: 25px;\n border-radius: 15px;\n box-shadow: 0 6px 15px rgba(63,24,64,0.1);\n}\n\n\/* QUITAMOS M\u00c1RGENES AUTOM\u00c1TICOS DE CF7 *\/\n.wpcf7-form p {\n margin: 0 !important;\n}\n\n\/* CONTENEDOR INTERNO DE CF7 *\/\n.wpcf7-form-control-wrap {\n display: block;\n width: 100%;\n}\n\n\/* 2. SECCIONES *\/\nfieldset {\n border: 2px solid #7d2181;\n border-radius: 15px;\n padding: 20px;\n margin-bottom: 30px;\n background-color: rgba(255, 255, 255, 0.3);\n}\n\nlegend {\n font-weight: bold;\n color: #7d2181;\n padding: 0 10px;\n font-size: 15px;\n text-transform: uppercase;\n letter-spacing: 1px;\n}\n\n\/* 3. FILAS *\/\n.form-row {\n width: 100%;\n margin-bottom: 20px;\n}\n\n.wpcf7-form label {\n display: block;\n margin-bottom: 8px;\n font-weight: bold;\n color: #5d2260;\n font-size: 14px;\n}\n\n\/* 4. INPUTS *\/\n.wpcf7-form input:not([type=\"submit\"]):not([type=\"checkbox\"]):not([type=\"radio\"]),\n.wpcf7-form select,\n.wpcf7-form textarea {\n width: 100%;\n padding: 12px 15px;\n border: 2px solid #7d2181;\n border-radius: 25px;\n background-color: #f0e6f5;\n font-size: 16px;\n color: #3f1840;\n transition: all 0.3s ease;\n box-sizing: border-box;\n}\n\n.wpcf7-form input:focus,\n.wpcf7-form select:focus,\n.wpcf7-form textarea:focus {\n border-color: #aa6eaa;\n background-color: #f3e8f7;\n outline: none;\n}\n\n\/* 5. POL\u00cdTICA *\/\n.politica-row {\n display: flex !important;\n align-items: flex-start !important;\n gap: 10px !important;\n margin: 25px 0 !important;\n}\n\n.politica-row .wpcf7-form-control-wrap {\n display: inline-block !important;\n width: auto !important;\n margin: 0 !important;\n}\n\n.politica-row input[type=\"checkbox\"] {\n width: 18px !important;\n height: 18px !important;\n min-width: 18px !important;\n margin: 4px 0 0 0 !important;\n cursor: pointer;\n}\n\n.politica-row span {\n font-size: 14px;\n line-height: 1.4;\n display: inline-block;\n color: #3f1840;\n}\n\n\/* 6. BOT\u00d3N *\/\n.submit-container {\n display: flex;\n flex-direction: column;\n align-items: center;\n gap: 20px;\n margin-top: 30px;\n clear: both;\n}\n\ninput[type=\"submit\"] {\n background-color: #7d2181;\n color: #f5f0f7;\n cursor: pointer;\n font-weight: bold;\n padding: 12px 40px;\n border: none;\n border-radius: 25px;\n font-size: 16px;\n transition: all 0.3s ease;\n box-shadow: 0 4px 8px rgba(125,33,129,0.3);\n}\n\ninput[type=\"submit\"]:hover {\n background-color: #aa6eaa;\n transform: translateY(-2px);\n}\n<\/style>\n<fieldset>\n\t<legend>Inscripci\u00f3n\n\t<\/legend>\n\t<div class=\"form-row\">\n\t\t<p><label>Nombre<br \/>\n<span class=\"wpcf7-form-control-wrap\" data-name=\"nombre\"><input size=\"40\" maxlength=\"400\" class=\"wpcf7-form-control wpcf7-text wpcf7-validates-as-required\" aria-required=\"true\" aria-invalid=\"false\" placeholder=\"Nombre\" value=\"\" type=\"text\" name=\"nombre\" \/><\/span><br \/>\n<\/label>\n\t\t<\/p>\n\t<\/div>\n\t<div class=\"form-row\">\n\t\t<p><label>Apellidos<br \/>\n<span class=\"wpcf7-form-control-wrap\" data-name=\"apellido\"><input size=\"40\" maxlength=\"400\" class=\"wpcf7-form-control wpcf7-text wpcf7-validates-as-required\" aria-required=\"true\" aria-invalid=\"false\" placeholder=\"Apellidos\" value=\"\" type=\"text\" name=\"apellido\" \/><\/span><br \/>\n<\/label>\n\t\t<\/p>\n\t<\/div>\n\t<div class=\"form-row\">\n\t\t<p><label>DNI<br \/>\n<span class=\"wpcf7-form-control-wrap\" data-name=\"DNI\"><input size=\"40\" maxlength=\"400\" class=\"wpcf7-form-control wpcf7-text wpcf7-validates-as-required\" aria-required=\"true\" aria-invalid=\"false\" placeholder=\"DNI\" value=\"\" type=\"text\" name=\"DNI\" \/><\/span><br \/>\n<\/label>\n\t\t<\/p>\n\t<\/div>\n\t<div class=\"form-row\">\n\t\t<p><label>Categor\u00eda Profesional<br \/>\n<span class=\"wpcf7-form-control-wrap\" data-name=\"profesion\"><input size=\"40\" maxlength=\"400\" class=\"wpcf7-form-control wpcf7-text wpcf7-validates-as-required\" aria-required=\"true\" aria-invalid=\"false\" placeholder=\"Categor\u00eda Profesional\" value=\"\" type=\"text\" name=\"profesion\" \/><\/span><br \/>\n<\/label>\n\t\t<\/p>\n\t<\/div>\n\t<div class=\"form-row\">\n\t\t<p><label>Centro de Trabajo<br \/>\n<span class=\"wpcf7-form-control-wrap\" data-name=\"Lugar\"><input size=\"40\" maxlength=\"400\" class=\"wpcf7-form-control wpcf7-text wpcf7-validates-as-required\" aria-required=\"true\" aria-invalid=\"false\" placeholder=\"Centro de trabajo\" value=\"\" type=\"text\" name=\"Lugar\" \/><\/span><br \/>\n<\/label>\n\t\t<\/p>\n\t<\/div>\n\t<div class=\"form-row\">\n\t\t<p><label>Email<br \/>\n<span class=\"wpcf7-form-control-wrap\" data-name=\"email\"><input size=\"40\" maxlength=\"400\" class=\"wpcf7-form-control wpcf7-email wpcf7-validates-as-required wpcf7-text wpcf7-validates-as-email\" aria-required=\"true\" aria-invalid=\"false\" placeholder=\"Email\" value=\"\" type=\"email\" name=\"email\" \/><\/span><br \/>\n<\/label>\n\t\t<\/p>\n\t<\/div>\n<\/fieldset>\n<div class=\"form-row politica-row\">\n\t<p><span class=\"wpcf7-form-control-wrap\" data-name=\"politica\"><span class=\"wpcf7-form-control wpcf7-acceptance\"><span class=\"wpcf7-list-item\"><input type=\"checkbox\" name=\"politica\" value=\"1\" aria-invalid=\"false\" \/><\/span><\/span><\/span><br \/>\n<span>Conozco y acepto el tratamiento de mis datos para los fines indicados, as\u00ed como la <a href=\"https:\/\/www.fibao.es\/cms\/tratamiento-de-datos-jornadas-eventos\/\" target=\"_blank\" style=\"color:#7d2181; font-weight:bold; text-decoration:underline;\">pol\u00edtica de privacidad<\/a>.<\/span>\n\t<\/p>\n<\/div>\n<div>\n\t<p>Responsable del tratamiento: FIBAO. Finalidad: gesti\u00f3n inscripci\u00f3n jornada o evento Legitimaci\u00f3n: Ejecuci\u00f3n de contrato, consentimiento del interesado Tiene derecho a acceder, rectificar y suprimir los datos, as\u00ed como otros derechos, como se explica en la informaci\u00f3n ampliada. Informaci\u00f3n ampliada en <a href=\"https:\/\/www.fibao.es\/cms\/tratamiento-de-datos-jornadas-eventos\/\" target=\"_blank\" style=\"color:#7d2181; font-weight:bold; text-decoration:underline;\">pol\u00edtica de privacidad<\/a>.\n\t<\/p>\n<\/div>\n<div class=\"submit-container\">\n\t<p><div class=\"cf7-cf-turnstile\" style=\"margin-top: 0px; margin-bottom: -15px;\"> <div id=\"cf-turnstile-cf7-2820958241\" class=\"cf-turnstile\" data-callback=\"turnstileCF7Callback\" data-sitekey=\"0x4AAAAAACOJ6pesvqZdUGNc\" data-theme=\"dark\" data-language=\"auto\" data-size=\"normal\" data-retry=\"auto\" data-retry-interval=\"1000\" data-refresh-expired=\"auto\" data-action=\"contact-form-7\" data-appearance=\"always\"><\/div> <style>.wpcf7-submit { pointer-events: none; opacity: 0.5; }<\/style> <script>document.addEventListener(\"DOMContentLoaded\", function() { setTimeout(function(){ var e=document.getElementById(\"cf-turnstile-cf7-2820958241\"); e&&!e.innerHTML.trim()&&(turnstile.remove(\"#cf-turnstile-cf7-2820958241\"), turnstile.render(\"#cf-turnstile-cf7-2820958241\", {sitekey:\"0x4AAAAAACOJ6pesvqZdUGNc\"})); }, 100); });<\/script> <br class=\"cf-turnstile-br cf-turnstile-br-cf7-2820958241\"> <style>#cf-turnstile-cf7-2820958241 { margin-left: -15px; }<\/style> <script>document.addEventListener(\"DOMContentLoaded\",function(){document.querySelectorAll('.wpcf7-form').forEach(function(e){e.addEventListener('submit',function(){if(document.getElementById('cf-turnstile-cf7-2820958241')){setTimeout(function(){turnstile.reset('#cf-turnstile-cf7-2820958241');},1000)}})})});<\/script> <\/div><br\/><input class=\"wpcf7-form-control wpcf7-submit has-spinner\" type=\"submit\" value=\"Enviar\" \/>\n\t<\/p>\n<\/div>\n<input class=\"wpcf7-form-control wpcf7-hidden\" value=\"\" type=\"hidden\" name=\"cf7_plazo\" \/><div class=\"wpcf7-response-output\" aria-hidden=\"true\"><\/div>\n<\/form>\n<\/div>\n\n","protected":false},"excerpt":{"rendered":"","protected":false},"author":1,"featured_media":0,"parent":0,"menu_order":0,"comment_status":"closed","ping_status":"closed","template":"","meta":{"site-sidebar-layout":"default","site-content-layout":"","ast-site-content-layout":"default","site-content-style":"default","site-sidebar-style":"default","ast-global-header-display":"","ast-banner-title-visibility":"","ast-main-header-display":"","ast-hfb-above-header-display":"","ast-hfb-below-header-display":"","ast-hfb-mobile-header-display":"","site-post-title":"","ast-breadcrumbs-content":"","ast-featured-img":"","footer-sml-layout":"","ast-disable-related-posts":"","theme-transparent-header-meta":"","adv-header-id-meta":"","stick-header-meta":"","header-above-stick-meta":"","header-main-stick-meta":"","header-below-stick-meta":"","astra-migrate-meta-layouts":"default","ast-page-background-enabled":"default","ast-page-background-meta":{"desktop":{"background-color":"var(--ast-global-color-5)","background-image":"","background-repeat":"repeat","background-position":"center center","background-size":"auto","background-attachment":"scroll","background-type":"","background-media":"","overlay-type":"","overlay-color":"","overlay-opacity":"","overlay-gradient":""},"tablet":{"background-color":"","background-image":"","background-repeat":"repeat","background-position":"center center","background-size":"auto","background-attachment":"scroll","background-type":"","background-media":"","overlay-type":"","overlay-color":"","overlay-opacity":"","overlay-gradient":""},"mobile":{"background-color":"","background-image":"","background-repeat":"repeat","background-position":"center center","background-size":"auto","background-attachment":"scroll","background-type":"","background-media":"","overlay-type":"","overlay-color":"","overlay-opacity":"","overlay-gradient":""}},"ast-content-background-meta":{"desktop":{"background-color":"var(--ast-global-color-4)","background-image":"","background-repeat":"repeat","background-position":"center center","background-size":"auto","background-attachment":"scroll","background-type":"","background-media":"","overlay-type":"","overlay-color":"","overlay-opacity":"","overlay-gradient":""},"tablet":{"background-color":"var(--ast-global-color-4)","background-image":"","background-repeat":"repeat","background-position":"center center","background-size":"auto","background-attachment":"scroll","background-type":"","background-media":"","overlay-type":"","overlay-color":"","overlay-opacity":"","overlay-gradient":""},"mobile":{"background-color":"var(--ast-global-color-4)","background-image":"","background-repeat":"repeat","background-position":"center center","background-size":"auto","background-attachment":"scroll","background-type":"","background-media":"","overlay-type":"","overlay-color":"","overlay-opacity":"","overlay-gradient":""}},"footnotes":""},"class_list":["post-334","page","type-page","status-publish","hentry"],"yoast_head":"<!-- This site is optimized with the Yoast SEO plugin v26.8 - https:\/\/yoast.com\/product\/yoast-seo-wordpress\/ -->\n<title>Sesi\u00f3n Formativa: &quot;Patentibilidad de las invenciones biotecnol\u00f3gicas&quot; - Solicitudes FIBAO<\/title>\n<meta name=\"robots\" content=\"index, follow, max-snippet:-1, max-image-preview:large, max-video-preview:-1\" \/>\n<link rel=\"canonical\" href=\"https:\/\/solicitudes.fibao.es\/?page_id=334\" \/>\n<meta property=\"og:locale\" content=\"es_ES\" \/>\n<meta property=\"og:type\" content=\"article\" \/>\n<meta property=\"og:title\" content=\"Sesi\u00f3n Formativa: &quot;Patentibilidad de las invenciones biotecnol\u00f3gicas&quot; - Solicitudes FIBAO\" \/>\n<meta property=\"og:url\" content=\"https:\/\/solicitudes.fibao.es\/?page_id=334\" \/>\n<meta property=\"og:site_name\" content=\"Solicitudes FIBAO\" \/>\n<meta property=\"article:modified_time\" content=\"2026-04-06T10:21:57+00:00\" \/>\n<meta name=\"twitter:card\" content=\"summary_large_image\" \/>\n<meta name=\"twitter:label1\" content=\"Tiempo de lectura\" \/>\n\t<meta name=\"twitter:data1\" content=\"1 minuto\" \/>\n<script type=\"application\/ld+json\" class=\"yoast-schema-graph\">{\"@context\":\"https:\/\/schema.org\",\"@graph\":[{\"@type\":\"WebPage\",\"@id\":\"https:\/\/solicitudes.fibao.es\/?page_id=334\",\"url\":\"https:\/\/solicitudes.fibao.es\/?page_id=334\",\"name\":\"Sesi\u00f3n Formativa: \\\"Patentibilidad de las invenciones biotecnol\u00f3gicas\\\" - Solicitudes FIBAO\",\"isPartOf\":{\"@id\":\"https:\/\/solicitudes.fibao.es\/#website\"},\"datePublished\":\"2026-04-06T10:21:56+00:00\",\"dateModified\":\"2026-04-06T10:21:57+00:00\",\"breadcrumb\":{\"@id\":\"https:\/\/solicitudes.fibao.es\/?page_id=334#breadcrumb\"},\"inLanguage\":\"es\",\"potentialAction\":[{\"@type\":\"ReadAction\",\"target\":[\"https:\/\/solicitudes.fibao.es\/?page_id=334\"]}]},{\"@type\":\"BreadcrumbList\",\"@id\":\"https:\/\/solicitudes.fibao.es\/?page_id=334#breadcrumb\",\"itemListElement\":[{\"@type\":\"ListItem\",\"position\":1,\"name\":\"Portada\",\"item\":\"https:\/\/solicitudes.fibao.es\/\"},{\"@type\":\"ListItem\",\"position\":2,\"name\":\"Sesi\u00f3n Formativa: \u00abPatentibilidad de las invenciones biotecnol\u00f3gicas\u00bb\"}]},{\"@type\":\"WebSite\",\"@id\":\"https:\/\/solicitudes.fibao.es\/#website\",\"url\":\"https:\/\/solicitudes.fibao.es\/\",\"name\":\"Solicitudes FIBAO\",\"description\":\"\",\"publisher\":{\"@id\":\"https:\/\/solicitudes.fibao.es\/#organization\"},\"potentialAction\":[{\"@type\":\"SearchAction\",\"target\":{\"@type\":\"EntryPoint\",\"urlTemplate\":\"https:\/\/solicitudes.fibao.es\/?s={search_term_string}\"},\"query-input\":{\"@type\":\"PropertyValueSpecification\",\"valueRequired\":true,\"valueName\":\"search_term_string\"}}],\"inLanguage\":\"es\"},{\"@type\":\"Organization\",\"@id\":\"https:\/\/solicitudes.fibao.es\/#organization\",\"name\":\"Solicitudes FIBAO\",\"url\":\"https:\/\/solicitudes.fibao.es\/\",\"logo\":{\"@type\":\"ImageObject\",\"inLanguage\":\"es\",\"@id\":\"https:\/\/solicitudes.fibao.es\/#\/schema\/logo\/image\/\",\"url\":\"https:\/\/solicitudes.fibao.es\/wp-content\/uploads\/2026\/01\/cropped-logo-blanco-1.png\",\"contentUrl\":\"https:\/\/solicitudes.fibao.es\/wp-content\/uploads\/2026\/01\/cropped-logo-blanco-1.png\",\"width\":1573,\"height\":658,\"caption\":\"Solicitudes FIBAO\"},\"image\":{\"@id\":\"https:\/\/solicitudes.fibao.es\/#\/schema\/logo\/image\/\"}}]}<\/script>\n<!-- \/ Yoast SEO plugin. -->","yoast_head_json":{"title":"Sesi\u00f3n Formativa: \"Patentibilidad de las invenciones biotecnol\u00f3gicas\" - Solicitudes FIBAO","robots":{"index":"index","follow":"follow","max-snippet":"max-snippet:-1","max-image-preview":"max-image-preview:large","max-video-preview":"max-video-preview:-1"},"canonical":"https:\/\/solicitudes.fibao.es\/?page_id=334","og_locale":"es_ES","og_type":"article","og_title":"Sesi\u00f3n Formativa: \"Patentibilidad de las invenciones biotecnol\u00f3gicas\" - Solicitudes FIBAO","og_url":"https:\/\/solicitudes.fibao.es\/?page_id=334","og_site_name":"Solicitudes FIBAO","article_modified_time":"2026-04-06T10:21:57+00:00","twitter_card":"summary_large_image","twitter_misc":{"Tiempo de lectura":"1 minuto"},"schema":{"@context":"https:\/\/schema.org","@graph":[{"@type":"WebPage","@id":"https:\/\/solicitudes.fibao.es\/?page_id=334","url":"https:\/\/solicitudes.fibao.es\/?page_id=334","name":"Sesi\u00f3n Formativa: \"Patentibilidad de las invenciones biotecnol\u00f3gicas\" - Solicitudes FIBAO","isPartOf":{"@id":"https:\/\/solicitudes.fibao.es\/#website"},"datePublished":"2026-04-06T10:21:56+00:00","dateModified":"2026-04-06T10:21:57+00:00","breadcrumb":{"@id":"https:\/\/solicitudes.fibao.es\/?page_id=334#breadcrumb"},"inLanguage":"es","potentialAction":[{"@type":"ReadAction","target":["https:\/\/solicitudes.fibao.es\/?page_id=334"]}]},{"@type":"BreadcrumbList","@id":"https:\/\/solicitudes.fibao.es\/?page_id=334#breadcrumb","itemListElement":[{"@type":"ListItem","position":1,"name":"Portada","item":"https:\/\/solicitudes.fibao.es\/"},{"@type":"ListItem","position":2,"name":"Sesi\u00f3n Formativa: \u00abPatentibilidad de las invenciones biotecnol\u00f3gicas\u00bb"}]},{"@type":"WebSite","@id":"https:\/\/solicitudes.fibao.es\/#website","url":"https:\/\/solicitudes.fibao.es\/","name":"Solicitudes FIBAO","description":"","publisher":{"@id":"https:\/\/solicitudes.fibao.es\/#organization"},"potentialAction":[{"@type":"SearchAction","target":{"@type":"EntryPoint","urlTemplate":"https:\/\/solicitudes.fibao.es\/?s={search_term_string}"},"query-input":{"@type":"PropertyValueSpecification","valueRequired":true,"valueName":"search_term_string"}}],"inLanguage":"es"},{"@type":"Organization","@id":"https:\/\/solicitudes.fibao.es\/#organization","name":"Solicitudes FIBAO","url":"https:\/\/solicitudes.fibao.es\/","logo":{"@type":"ImageObject","inLanguage":"es","@id":"https:\/\/solicitudes.fibao.es\/#\/schema\/logo\/image\/","url":"https:\/\/solicitudes.fibao.es\/wp-content\/uploads\/2026\/01\/cropped-logo-blanco-1.png","contentUrl":"https:\/\/solicitudes.fibao.es\/wp-content\/uploads\/2026\/01\/cropped-logo-blanco-1.png","width":1573,"height":658,"caption":"Solicitudes FIBAO"},"image":{"@id":"https:\/\/solicitudes.fibao.es\/#\/schema\/logo\/image\/"}}]}},"_links":{"self":[{"href":"https:\/\/solicitudes.fibao.es\/index.php?rest_route=\/wp\/v2\/pages\/334","targetHints":{"allow":["GET"]}}],"collection":[{"href":"https:\/\/solicitudes.fibao.es\/index.php?rest_route=\/wp\/v2\/pages"}],"about":[{"href":"https:\/\/solicitudes.fibao.es\/index.php?rest_route=\/wp\/v2\/types\/page"}],"author":[{"embeddable":true,"href":"https:\/\/solicitudes.fibao.es\/index.php?rest_route=\/wp\/v2\/users\/1"}],"replies":[{"embeddable":true,"href":"https:\/\/solicitudes.fibao.es\/index.php?rest_route=%2Fwp%2Fv2%2Fcomments&post=334"}],"version-history":[{"count":1,"href":"https:\/\/solicitudes.fibao.es\/index.php?rest_route=\/wp\/v2\/pages\/334\/revisions"}],"predecessor-version":[{"id":335,"href":"https:\/\/solicitudes.fibao.es\/index.php?rest_route=\/wp\/v2\/pages\/334\/revisions\/335"}],"wp:attachment":[{"href":"https:\/\/solicitudes.fibao.es\/index.php?rest_route=%2Fwp%2Fv2%2Fmedia&parent=334"}],"curies":[{"name":"wp","href":"https:\/\/api.w.org\/{rel}","templated":true}]}}