{"id":205,"date":"2026-03-03T12:44:55","date_gmt":"2026-03-03T12:44:55","guid":{"rendered":"https:\/\/solicitudes.fibao.es\/?page_id=205"},"modified":"2026-03-03T12:44:56","modified_gmt":"2026-03-03T12:44:56","slug":"contrasena-olvidada","status":"publish","type":"page","link":"https:\/\/solicitudes.fibao.es\/?page_id=205","title":{"rendered":"Contrase\u00f1a Olvidada"},"content":{"rendered":"<div class=\"tml tml-lostpassword\">\n<div class=\"tml-alerts\"><\/div><form name=\"lostpassword\" action=\"https:\/\/solicitudes.fibao.es\/?action=lostpassword\" method=\"post\">\n<div class=\"tml-field-wrap tml-message-wrap\">\n<p class=\"tml-message\">Por favor, introduce tu nombre de usuario o direcci\u00f3n de correo electr\u00f3nico. Recibir\u00e1s un mensaje de correo electr\u00f3nico con instrucciones sobre c\u00f3mo restablecer tu contrase\u00f1a.<\/p><\/div>\n\n<div class=\"tml-field-wrap tml-user_login-wrap\">\n<label class=\"tml-label\" for=\"user_login\">Nombre de usuario o correo electr\u00f3nico<\/label>\n<input name=\"user_login\" type=\"text\" value=\"\" id=\"user_login\" autocapitalize=\"off\" class=\"tml-field\">\n<\/div>\n\n\n<div class=\"tml-field-wrap tml-submit-wrap\">\n<button name=\"submit\" type=\"submit\" class=\"tml-button\">Obtener una contrase\u00f1a nueva<\/button>\n<\/div>\n\n<input name=\"redirect_to\" type=\"hidden\" value=\"\">\n\n<\/form>\n<ul class=\"tml-links\"><li class=\"tml-login-link\"><a href=\"https:\/\/solicitudes.fibao.es\/?action=login\">Acceder<\/a><\/li><\/ul><\/div>\n\n","protected":false},"excerpt":{"rendered":"","protected":false},"author":2,"featured_media":0,"parent":0,"menu_order":0,"comment_status":"closed","ping_status":"closed","template":"","meta":{"site-sidebar-layout":"default","site-content-layout":"","ast-site-content-layout":"default","site-content-style":"default","site-sidebar-style":"default","ast-global-header-display":"","ast-banner-title-visibility":"","ast-main-header-display":"","ast-hfb-above-header-display":"","ast-hfb-below-header-display":"","ast-hfb-mobile-header-display":"","site-post-title":"","ast-breadcrumbs-content":"","ast-featured-img":"","footer-sml-layout":"","ast-disable-related-posts":"","theme-transparent-header-meta":"","adv-header-id-meta":"","stick-header-meta":"","header-above-stick-meta":"","header-main-stick-meta":"","header-below-stick-meta":"","astra-migrate-meta-layouts":"default","ast-page-background-enabled":"default","ast-page-background-meta":{"desktop":{"background-color":"var(--ast-global-color-5)","background-image":"","background-repeat":"repeat","background-position":"center center","background-size":"auto","background-attachment":"scroll","background-type":"","background-media":"","overlay-type":"","overlay-color":"","overlay-opacity":"","overlay-gradient":""},"tablet":{"background-color":"","background-image":"","background-repeat":"repeat","background-position":"center center","background-size":"auto","background-attachment":"scroll","background-type":"","background-media":"","overlay-type":"","overlay-color":"","overlay-opacity":"","overlay-gradient":""},"mobile":{"background-color":"","background-image":"","background-repeat":"repeat","background-position":"center center","background-size":"auto","background-attachment":"scroll","background-type":"","background-media":"","overlay-type":"","overlay-color":"","overlay-opacity":"","overlay-gradient":""}},"ast-content-background-meta":{"desktop":{"background-color":"var(--ast-global-color-4)","background-image":"","background-repeat":"repeat","background-position":"center center","background-size":"auto","background-attachment":"scroll","background-type":"","background-media":"","overlay-type":"","overlay-color":"","overlay-opacity":"","overlay-gradient":""},"tablet":{"background-color":"var(--ast-global-color-4)","background-image":"","background-repeat":"repeat","background-position":"center center","background-size":"auto","background-attachment":"scroll","background-type":"","background-media":"","overlay-type":"","overlay-color":"","overlay-opacity":"","overlay-gradient":""},"mobile":{"background-color":"var(--ast-global-color-4)","background-image":"","background-repeat":"repeat","background-position":"center center","background-size":"auto","background-attachment":"scroll","background-type":"","background-media":"","overlay-type":"","overlay-color":"","overlay-opacity":"","overlay-gradient":""}},"footnotes":""},"class_list":["post-205","page","type-page","status-publish","hentry"],"yoast_head":"<!-- This site is optimized with the Yoast SEO plugin v26.8 - https:\/\/yoast.com\/product\/yoast-seo-wordpress\/ -->\n<title>Contrase\u00f1a Olvidada - Solicitudes FIBAO<\/title>\n<meta name=\"robots\" content=\"index, follow, max-snippet:-1, max-image-preview:large, max-video-preview:-1\" \/>\n<link rel=\"canonical\" href=\"https:\/\/solicitudes.fibao.es\/?page_id=205\" \/>\n<meta property=\"og:locale\" content=\"es_ES\" \/>\n<meta property=\"og:type\" content=\"article\" \/>\n<meta property=\"og:title\" content=\"Contrase\u00f1a Olvidada - Solicitudes FIBAO\" \/>\n<meta property=\"og:url\" content=\"https:\/\/solicitudes.fibao.es\/?page_id=205\" \/>\n<meta property=\"og:site_name\" content=\"Solicitudes FIBAO\" \/>\n<meta property=\"article:modified_time\" content=\"2026-03-03T12:44:56+00:00\" \/>\n<meta name=\"twitter:card\" content=\"summary_large_image\" \/>\n<meta name=\"twitter:label1\" content=\"Tiempo de lectura\" \/>\n\t<meta name=\"twitter:data1\" content=\"1 minuto\" \/>\n<script type=\"application\/ld+json\" class=\"yoast-schema-graph\">{\"@context\":\"https:\/\/schema.org\",\"@graph\":[{\"@type\":\"WebPage\",\"@id\":\"https:\/\/solicitudes.fibao.es\/?page_id=205\",\"url\":\"https:\/\/solicitudes.fibao.es\/?page_id=205\",\"name\":\"Contrase\u00f1a Olvidada - Solicitudes FIBAO\",\"isPartOf\":{\"@id\":\"https:\/\/solicitudes.fibao.es\/#website\"},\"datePublished\":\"2026-03-03T12:44:55+00:00\",\"dateModified\":\"2026-03-03T12:44:56+00:00\",\"breadcrumb\":{\"@id\":\"https:\/\/solicitudes.fibao.es\/?page_id=205#breadcrumb\"},\"inLanguage\":\"es\",\"potentialAction\":[{\"@type\":\"ReadAction\",\"target\":[\"https:\/\/solicitudes.fibao.es\/?page_id=205\"]}]},{\"@type\":\"BreadcrumbList\",\"@id\":\"https:\/\/solicitudes.fibao.es\/?page_id=205#breadcrumb\",\"itemListElement\":[{\"@type\":\"ListItem\",\"position\":1,\"name\":\"Portada\",\"item\":\"https:\/\/solicitudes.fibao.es\/\"},{\"@type\":\"ListItem\",\"position\":2,\"name\":\"Contrase\u00f1a Olvidada\"}]},{\"@type\":\"WebSite\",\"@id\":\"https:\/\/solicitudes.fibao.es\/#website\",\"url\":\"https:\/\/solicitudes.fibao.es\/\",\"name\":\"Solicitudes FIBAO\",\"description\":\"\",\"publisher\":{\"@id\":\"https:\/\/solicitudes.fibao.es\/#organization\"},\"potentialAction\":[{\"@type\":\"SearchAction\",\"target\":{\"@type\":\"EntryPoint\",\"urlTemplate\":\"https:\/\/solicitudes.fibao.es\/?s={search_term_string}\"},\"query-input\":{\"@type\":\"PropertyValueSpecification\",\"valueRequired\":true,\"valueName\":\"search_term_string\"}}],\"inLanguage\":\"es\"},{\"@type\":\"Organization\",\"@id\":\"https:\/\/solicitudes.fibao.es\/#organization\",\"name\":\"Solicitudes FIBAO\",\"url\":\"https:\/\/solicitudes.fibao.es\/\",\"logo\":{\"@type\":\"ImageObject\",\"inLanguage\":\"es\",\"@id\":\"https:\/\/solicitudes.fibao.es\/#\/schema\/logo\/image\/\",\"url\":\"https:\/\/solicitudes.fibao.es\/wp-content\/uploads\/2026\/01\/cropped-logo-blanco-1.png\",\"contentUrl\":\"https:\/\/solicitudes.fibao.es\/wp-content\/uploads\/2026\/01\/cropped-logo-blanco-1.png\",\"width\":1573,\"height\":658,\"caption\":\"Solicitudes FIBAO\"},\"image\":{\"@id\":\"https:\/\/solicitudes.fibao.es\/#\/schema\/logo\/image\/\"}}]}<\/script>\n<!-- \/ Yoast SEO plugin. -->","yoast_head_json":{"title":"Contrase\u00f1a Olvidada - Solicitudes FIBAO","robots":{"index":"index","follow":"follow","max-snippet":"max-snippet:-1","max-image-preview":"max-image-preview:large","max-video-preview":"max-video-preview:-1"},"canonical":"https:\/\/solicitudes.fibao.es\/?page_id=205","og_locale":"es_ES","og_type":"article","og_title":"Contrase\u00f1a Olvidada - Solicitudes FIBAO","og_url":"https:\/\/solicitudes.fibao.es\/?page_id=205","og_site_name":"Solicitudes FIBAO","article_modified_time":"2026-03-03T12:44:56+00:00","twitter_card":"summary_large_image","twitter_misc":{"Tiempo de lectura":"1 minuto"},"schema":{"@context":"https:\/\/schema.org","@graph":[{"@type":"WebPage","@id":"https:\/\/solicitudes.fibao.es\/?page_id=205","url":"https:\/\/solicitudes.fibao.es\/?page_id=205","name":"Contrase\u00f1a Olvidada - Solicitudes FIBAO","isPartOf":{"@id":"https:\/\/solicitudes.fibao.es\/#website"},"datePublished":"2026-03-03T12:44:55+00:00","dateModified":"2026-03-03T12:44:56+00:00","breadcrumb":{"@id":"https:\/\/solicitudes.fibao.es\/?page_id=205#breadcrumb"},"inLanguage":"es","potentialAction":[{"@type":"ReadAction","target":["https:\/\/solicitudes.fibao.es\/?page_id=205"]}]},{"@type":"BreadcrumbList","@id":"https:\/\/solicitudes.fibao.es\/?page_id=205#breadcrumb","itemListElement":[{"@type":"ListItem","position":1,"name":"Portada","item":"https:\/\/solicitudes.fibao.es\/"},{"@type":"ListItem","position":2,"name":"Contrase\u00f1a Olvidada"}]},{"@type":"WebSite","@id":"https:\/\/solicitudes.fibao.es\/#website","url":"https:\/\/solicitudes.fibao.es\/","name":"Solicitudes FIBAO","description":"","publisher":{"@id":"https:\/\/solicitudes.fibao.es\/#organization"},"potentialAction":[{"@type":"SearchAction","target":{"@type":"EntryPoint","urlTemplate":"https:\/\/solicitudes.fibao.es\/?s={search_term_string}"},"query-input":{"@type":"PropertyValueSpecification","valueRequired":true,"valueName":"search_term_string"}}],"inLanguage":"es"},{"@type":"Organization","@id":"https:\/\/solicitudes.fibao.es\/#organization","name":"Solicitudes FIBAO","url":"https:\/\/solicitudes.fibao.es\/","logo":{"@type":"ImageObject","inLanguage":"es","@id":"https:\/\/solicitudes.fibao.es\/#\/schema\/logo\/image\/","url":"https:\/\/solicitudes.fibao.es\/wp-content\/uploads\/2026\/01\/cropped-logo-blanco-1.png","contentUrl":"https:\/\/solicitudes.fibao.es\/wp-content\/uploads\/2026\/01\/cropped-logo-blanco-1.png","width":1573,"height":658,"caption":"Solicitudes FIBAO"},"image":{"@id":"https:\/\/solicitudes.fibao.es\/#\/schema\/logo\/image\/"}}]}},"_links":{"self":[{"href":"https:\/\/solicitudes.fibao.es\/index.php?rest_route=\/wp\/v2\/pages\/205","targetHints":{"allow":["GET"]}}],"collection":[{"href":"https:\/\/solicitudes.fibao.es\/index.php?rest_route=\/wp\/v2\/pages"}],"about":[{"href":"https:\/\/solicitudes.fibao.es\/index.php?rest_route=\/wp\/v2\/types\/page"}],"author":[{"embeddable":true,"href":"https:\/\/solicitudes.fibao.es\/index.php?rest_route=\/wp\/v2\/users\/2"}],"replies":[{"embeddable":true,"href":"https:\/\/solicitudes.fibao.es\/index.php?rest_route=%2Fwp%2Fv2%2Fcomments&post=205"}],"version-history":[{"count":2,"href":"https:\/\/solicitudes.fibao.es\/index.php?rest_route=\/wp\/v2\/pages\/205\/revisions"}],"predecessor-version":[{"id":276,"href":"https:\/\/solicitudes.fibao.es\/index.php?rest_route=\/wp\/v2\/pages\/205\/revisions\/276"}],"wp:attachment":[{"href":"https:\/\/solicitudes.fibao.es\/index.php?rest_route=%2Fwp%2Fv2%2Fmedia&parent=205"}],"curies":[{"name":"wp","href":"https:\/\/api.w.org\/{rel}","templated":true}]}}